{"id":1935,"date":"2021-08-26T12:03:34","date_gmt":"2021-08-26T10:03:34","guid":{"rendered":"https:\/\/edulead.net\/wels2022\/impressum\/"},"modified":"2024-06-04T12:42:11","modified_gmt":"2024-06-04T10:42:11","slug":"impressum","status":"publish","type":"page","link":"https:\/\/wels.edulead.net\/en\/impressum\/","title":{"rendered":"Impressum"},"content":{"rendered":"\t\t<div data-elementor-type=\"wp-page\" data-elementor-id=\"1935\" data-post-id=\"1935\" data-obj-id=\"1935\" class=\"elementor elementor-1935 dce-elementor-post-1935 elementor-1814\" data-elementor-post-type=\"page\">\n\t\t\t\t\t\t<section class=\"elementor-section elementor-top-section elementor-element elementor-element-5c55a25 elementor-section-boxed elementor-section-height-default elementor-section-height-default\" data-id=\"5c55a25\" data-element_type=\"section\" data-e-type=\"section\">\n\t\t\t\t\t\t<div class=\"elementor-container elementor-column-gap-default\">\n\t\t\t\t\t<div class=\"elementor-column elementor-col-100 elementor-top-column elementor-element elementor-element-9fd7bd2\" data-id=\"9fd7bd2\" data-element_type=\"column\" data-e-type=\"column\">\n\t\t\t<div class=\"elementor-widget-wrap elementor-element-populated\">\n\t\t\t\t\t\t<div class=\"elementor-element elementor-element-d9d4b1a elementor-widget elementor-widget-text-editor\" data-id=\"d9d4b1a\" data-element_type=\"widget\" data-e-type=\"widget\" data-widget_type=\"text-editor.default\">\n\t\t\t\t<div class=\"elementor-widget-container\">\n\t\t\t\t\t\t\t\t\t<div class=\"wpb_column vc_column_container vc_col-sm-6\"><div class=\"vc_column-inner\"><div class=\"wpb_wrapper\"><div class=\"wpb_text_column wpb_content_element \"><div class=\"wpb_wrapper\"><p><strong>Exzellenz-Lehrstuhls Leadership, Quality Management and Innovation<\/strong><br \/><strong>Abteilung f\u00fcr Bildungsforschung, Linz School of Education<\/strong><br \/>Johannes Kepler Universit\u00e4t Linz<br \/>Altenberger Stra\u00dfe 68<br \/>Science Park 5, 401<br \/>A-4040 Linz<br \/>\u00d6sterreich<\/p><p>Telephone: +41 41 727 1270<br \/>Telefax: +41 41 727 1271<\/p><p>E-Mail: wels[at]edulead.net<\/p><\/div><\/div><\/div><\/div><\/div>\t\t\t\t\t\t\t\t<\/div>\n\t\t\t\t<\/div>\n\t\t\t\t\t<\/div>\n\t\t<\/div>\n\t\t\t\t\t<\/div>\n\t\t<\/section>\n\t\t\t\t<\/div>\n\t\t","protected":false},"excerpt":{"rendered":"<p>Exzellenz-Lehrstuhls Leadership, Quality Management and InnovationAbteilung f\u00fcr Bildungsforschung, Linz School of EducationJohannes Kepler Universit\u00e4t LinzAltenberger Stra\u00dfe 68Science Park 5, 401A-4040 Linz\u00d6sterreich Telephone: +41 41 727 1270Telefax: +41 41 727 1271 E-Mail: wels[at]edulead.net<\/p>\n","protected":false},"author":1,"featured_media":0,"parent":0,"menu_order":0,"comment_status":"closed","ping_status":"closed","template":"","meta":{"footnotes":""},"class_list":["post-1935","page","type-page","status-publish","hentry"],"yoast_head":"<!-- This site is optimized with the Yoast SEO plugin v27.1.1 - https:\/\/yoast.com\/product\/yoast-seo-wordpress\/ -->\n<title>Impressum - World Education Leadership Symposium 2022<\/title>\n<meta name=\"robots\" content=\"index, follow, max-snippet:-1, max-image-preview:large, max-video-preview:-1\" \/>\n<link rel=\"canonical\" href=\"https:\/\/wels.edulead.net\/en\/impressum\/\" \/>\n<meta property=\"og:locale\" content=\"en_US\" \/>\n<meta property=\"og:type\" content=\"article\" \/>\n<meta property=\"og:title\" content=\"Impressum - World Education Leadership Symposium 2022\" \/>\n<meta property=\"og:description\" content=\"Exzellenz-Lehrstuhls Leadership, Quality Management and InnovationAbteilung f\u00fcr Bildungsforschung, Linz School of EducationJohannes Kepler Universit\u00e4t LinzAltenberger Stra\u00dfe 68Science Park 5, 401A-4040 Linz\u00d6sterreich Telephone: +41 41 727 1270Telefax: +41 41 727 1271 E-Mail: wels[at]edulead.net\" \/>\n<meta property=\"og:url\" content=\"https:\/\/wels.edulead.net\/en\/impressum\/\" \/>\n<meta property=\"og:site_name\" content=\"World Education Leadership Symposium 2022\" \/>\n<meta property=\"article:modified_time\" content=\"2024-06-04T10:42:11+00:00\" \/>\n<meta name=\"twitter:card\" content=\"summary_large_image\" \/>\n<meta name=\"twitter:label1\" content=\"Est. reading time\" \/>\n\t<meta name=\"twitter:data1\" content=\"1 minute\" \/>\n<script type=\"application\/ld+json\" class=\"yoast-schema-graph\">{\"@context\":\"https:\/\/schema.org\",\"@graph\":[{\"@type\":\"WebPage\",\"@id\":\"https:\/\/wels.edulead.net\/en\/impressum\/\",\"url\":\"https:\/\/wels.edulead.net\/en\/impressum\/\",\"name\":\"Impressum - World Education Leadership Symposium 2022\",\"isPartOf\":{\"@id\":\"https:\/\/wels.edulead.net\/en\/#website\"},\"datePublished\":\"2021-08-26T10:03:34+00:00\",\"dateModified\":\"2024-06-04T10:42:11+00:00\",\"breadcrumb\":{\"@id\":\"https:\/\/wels.edulead.net\/en\/impressum\/#breadcrumb\"},\"inLanguage\":\"en-US\",\"potentialAction\":[{\"@type\":\"ReadAction\",\"target\":[\"https:\/\/wels.edulead.net\/en\/impressum\/\"]}]},{\"@type\":\"BreadcrumbList\",\"@id\":\"https:\/\/wels.edulead.net\/en\/impressum\/#breadcrumb\",\"itemListElement\":[{\"@type\":\"ListItem\",\"position\":1,\"name\":\"WELS\",\"item\":\"https:\/\/wels.edulead.net\/en\/\"},{\"@type\":\"ListItem\",\"position\":2,\"name\":\"Impressum\"}]},{\"@type\":\"WebSite\",\"@id\":\"https:\/\/wels.edulead.net\/en\/#website\",\"url\":\"https:\/\/wels.edulead.net\/en\/\",\"name\":\"World Education Leadership Symposium 2022\",\"description\":\"World Education Leadership Symposium\",\"publisher\":{\"@id\":\"https:\/\/wels.edulead.net\/en\/#organization\"},\"potentialAction\":[{\"@type\":\"SearchAction\",\"target\":{\"@type\":\"EntryPoint\",\"urlTemplate\":\"https:\/\/wels.edulead.net\/en\/?s={search_term_string}\"},\"query-input\":{\"@type\":\"PropertyValueSpecification\",\"valueRequired\":true,\"valueName\":\"search_term_string\"}}],\"inLanguage\":\"en-US\"},{\"@type\":\"Organization\",\"@id\":\"https:\/\/wels.edulead.net\/en\/#organization\",\"name\":\"World Education Leadership Symposium 2022\",\"url\":\"https:\/\/wels.edulead.net\/en\/\",\"logo\":{\"@type\":\"ImageObject\",\"inLanguage\":\"en-US\",\"@id\":\"https:\/\/wels.edulead.net\/en\/#\/schema\/logo\/image\/\",\"url\":\"https:\/\/wels.edulead.net\/wp-content\/uploads\/sites\/12\/2021\/03\/cropped-wels-logo-512-1.png\",\"contentUrl\":\"https:\/\/wels.edulead.net\/wp-content\/uploads\/sites\/12\/2021\/03\/cropped-wels-logo-512-1.png\",\"width\":1080,\"height\":1080,\"caption\":\"World Education Leadership Symposium 2022\"},\"image\":{\"@id\":\"https:\/\/wels.edulead.net\/en\/#\/schema\/logo\/image\/\"}}]}<\/script>\n<!-- \/ Yoast SEO plugin. -->","yoast_head_json":{"title":"Impressum - World Education Leadership Symposium 2022","robots":{"index":"index","follow":"follow","max-snippet":"max-snippet:-1","max-image-preview":"max-image-preview:large","max-video-preview":"max-video-preview:-1"},"canonical":"https:\/\/wels.edulead.net\/en\/impressum\/","og_locale":"en_US","og_type":"article","og_title":"Impressum - World Education Leadership Symposium 2022","og_description":"Exzellenz-Lehrstuhls Leadership, Quality Management and InnovationAbteilung f\u00fcr Bildungsforschung, Linz School of EducationJohannes Kepler Universit\u00e4t LinzAltenberger Stra\u00dfe 68Science Park 5, 401A-4040 Linz\u00d6sterreich Telephone: +41 41 727 1270Telefax: +41 41 727 1271 E-Mail: wels[at]edulead.net","og_url":"https:\/\/wels.edulead.net\/en\/impressum\/","og_site_name":"World Education Leadership Symposium 2022","article_modified_time":"2024-06-04T10:42:11+00:00","twitter_card":"summary_large_image","twitter_misc":{"Est. reading time":"1 minute"},"schema":{"@context":"https:\/\/schema.org","@graph":[{"@type":"WebPage","@id":"https:\/\/wels.edulead.net\/en\/impressum\/","url":"https:\/\/wels.edulead.net\/en\/impressum\/","name":"Impressum - World Education Leadership Symposium 2022","isPartOf":{"@id":"https:\/\/wels.edulead.net\/en\/#website"},"datePublished":"2021-08-26T10:03:34+00:00","dateModified":"2024-06-04T10:42:11+00:00","breadcrumb":{"@id":"https:\/\/wels.edulead.net\/en\/impressum\/#breadcrumb"},"inLanguage":"en-US","potentialAction":[{"@type":"ReadAction","target":["https:\/\/wels.edulead.net\/en\/impressum\/"]}]},{"@type":"BreadcrumbList","@id":"https:\/\/wels.edulead.net\/en\/impressum\/#breadcrumb","itemListElement":[{"@type":"ListItem","position":1,"name":"WELS","item":"https:\/\/wels.edulead.net\/en\/"},{"@type":"ListItem","position":2,"name":"Impressum"}]},{"@type":"WebSite","@id":"https:\/\/wels.edulead.net\/en\/#website","url":"https:\/\/wels.edulead.net\/en\/","name":"World Education Leadership Symposium 2022","description":"World Education Leadership Symposium","publisher":{"@id":"https:\/\/wels.edulead.net\/en\/#organization"},"potentialAction":[{"@type":"SearchAction","target":{"@type":"EntryPoint","urlTemplate":"https:\/\/wels.edulead.net\/en\/?s={search_term_string}"},"query-input":{"@type":"PropertyValueSpecification","valueRequired":true,"valueName":"search_term_string"}}],"inLanguage":"en-US"},{"@type":"Organization","@id":"https:\/\/wels.edulead.net\/en\/#organization","name":"World Education Leadership Symposium 2022","url":"https:\/\/wels.edulead.net\/en\/","logo":{"@type":"ImageObject","inLanguage":"en-US","@id":"https:\/\/wels.edulead.net\/en\/#\/schema\/logo\/image\/","url":"https:\/\/wels.edulead.net\/wp-content\/uploads\/sites\/12\/2021\/03\/cropped-wels-logo-512-1.png","contentUrl":"https:\/\/wels.edulead.net\/wp-content\/uploads\/sites\/12\/2021\/03\/cropped-wels-logo-512-1.png","width":1080,"height":1080,"caption":"World Education Leadership Symposium 2022"},"image":{"@id":"https:\/\/wels.edulead.net\/en\/#\/schema\/logo\/image\/"}}]}},"_links":{"self":[{"href":"https:\/\/wels.edulead.net\/en\/wp-json\/wp\/v2\/pages\/1935","targetHints":{"allow":["GET"]}}],"collection":[{"href":"https:\/\/wels.edulead.net\/en\/wp-json\/wp\/v2\/pages"}],"about":[{"href":"https:\/\/wels.edulead.net\/en\/wp-json\/wp\/v2\/types\/page"}],"author":[{"embeddable":true,"href":"https:\/\/wels.edulead.net\/en\/wp-json\/wp\/v2\/users\/1"}],"replies":[{"embeddable":true,"href":"https:\/\/wels.edulead.net\/en\/wp-json\/wp\/v2\/comments?post=1935"}],"version-history":[{"count":10,"href":"https:\/\/wels.edulead.net\/en\/wp-json\/wp\/v2\/pages\/1935\/revisions"}],"predecessor-version":[{"id":8310,"href":"https:\/\/wels.edulead.net\/en\/wp-json\/wp\/v2\/pages\/1935\/revisions\/8310"}],"wp:attachment":[{"href":"https:\/\/wels.edulead.net\/en\/wp-json\/wp\/v2\/media?parent=1935"}],"curies":[{"name":"wp","href":"https:\/\/api.w.org\/{rel}","templated":true}]}}