{"id":1949,"date":"2021-04-08T17:59:12","date_gmt":"2021-04-08T15:59:12","guid":{"rendered":"https:\/\/edulead.net\/wels2022\/anmeldung-von-tagungsbeitraegen\/"},"modified":"2021-09-27T17:11:59","modified_gmt":"2021-09-27T15:11:59","slug":"anmeldung-von-tagungsbeitraegen","status":"publish","type":"page","link":"https:\/\/wels.edulead.net\/en\/anmeldung-und-teilnahme\/anmeldung-von-tagungsbeitraegen\/","title":{"rendered":"Anmeldung von Tagungsbeitr\u00e4gen"},"content":{"rendered":"\t\t<div data-elementor-type=\"wp-page\" data-elementor-id=\"1949\" data-post-id=\"1949\" data-obj-id=\"1949\" class=\"elementor elementor-1949 dce-elementor-post-1949 elementor-734\" data-elementor-post-type=\"page\">\n\t\t\t\t\t\t<section class=\"elementor-section elementor-top-section elementor-element elementor-element-90378d6 elementor-section-boxed elementor-section-height-default elementor-section-height-default\" data-id=\"90378d6\" data-element_type=\"section\" data-e-type=\"section\">\n\t\t\t\t\t\t<div class=\"elementor-container elementor-column-gap-default\">\n\t\t\t\t\t<div class=\"elementor-column elementor-col-100 elementor-top-column elementor-element elementor-element-d4184da\" data-id=\"d4184da\" data-element_type=\"column\" data-e-type=\"column\">\n\t\t\t<div class=\"elementor-widget-wrap elementor-element-populated\">\n\t\t\t\t\t\t<div class=\"elementor-element elementor-element-f1499e2 elementor-widget elementor-widget-text-editor\" data-id=\"f1499e2\" data-element_type=\"widget\" data-e-type=\"widget\" data-widget_type=\"text-editor.default\">\n\t\t\t\t<div class=\"elementor-widget-container\">\n\t\t\t\t\t\t\t\t\t<p><strong>WELS<em>main<\/em> 28.-30.9.2021<\/strong><\/p><p>Die Frist f\u00fcr das Einreichen von Tagungsbeitr\u00e4gen f\u00fcr das WELSmain 2021 ist abgelaufen.<strong><br \/><\/strong><\/p><p><strong>Wir freuen uns sehr dar\u00fcber, dass erneut eine grosse Zahl qualitativ hochwertiger Beitr\u00e4ge bei uns eingegangen ist. Vielen Dank!<\/strong><\/p><p>Das Tagungsprogramm finden Sie auf folgender Seite: <a href=\"https:\/\/edulead.net\/wels\/programm\/welsmain\/\" target=\"_blank\" rel=\"noopener\"><strong>Programm WELSmain 2021.<\/strong><\/a><\/p><p>Bitte beachten Sie: Die Anmeldung eines Tagungsbeitrags gilt\u00a0<strong>nicht<\/strong>\u00a0als Anmeldung zum Symposium. Bitte registrieren Sie sich und Ihre Co-Autoren mittels folgendem Link\u00a0<strong><a href=\"https:\/\/www.unipark.de\/uc\/WELS2021Registration\/\" target=\"_blank\" rel=\"noopener\">WELSmain Registration<\/a>\u00a0bis sp\u00e4testens am 1. September 2021.<\/strong>\u00a0Die Teilnahme ist kostenlos.<\/p><p>Bei Fragen k\u00f6nnen Sie sich gern wenden an:\u00a0<a href=\"mailto:symposium@phzg.ch\">symposium@phzg.ch<\/a>.<\/p>\t\t\t\t\t\t\t\t<\/div>\n\t\t\t\t<\/div>\n\t\t\t\t\t<\/div>\n\t\t<\/div>\n\t\t\t\t\t<\/div>\n\t\t<\/section>\n\t\t\t\t<\/div>\n\t\t","protected":false},"excerpt":{"rendered":"<p>WELSmain 28.-30.9.2021 Die Frist f\u00fcr das Einreichen von Tagungsbeitr\u00e4gen f\u00fcr das WELSmain 2021 ist abgelaufen. Wir freuen uns sehr dar\u00fcber, dass erneut eine grosse Zahl qualitativ hochwertiger Beitr\u00e4ge bei uns eingegangen ist. Vielen Dank! Das Tagungsprogramm finden Sie auf folgender Seite: Programm WELSmain 2021. Bitte beachten Sie: Die Anmeldung eines Tagungsbeitrags gilt\u00a0nicht\u00a0als Anmeldung zum Symposium. [&hellip;]<\/p>\n","protected":false},"author":1,"featured_media":1950,"parent":1951,"menu_order":0,"comment_status":"closed","ping_status":"closed","template":"","meta":{"footnotes":""},"class_list":["post-1949","page","type-page","status-publish","has-post-thumbnail","hentry"],"yoast_head":"<!-- This site is optimized with the Yoast SEO plugin v27.1.1 - https:\/\/yoast.com\/product\/yoast-seo-wordpress\/ -->\n<title>Anmeldung von Tagungsbeitr\u00e4gen - World Education Leadership Symposium 2022<\/title>\n<meta name=\"robots\" content=\"index, follow, max-snippet:-1, max-image-preview:large, max-video-preview:-1\" \/>\n<link rel=\"canonical\" href=\"https:\/\/wels.edulead.net\/en\/anmeldung-und-teilnahme\/anmeldung-von-tagungsbeitraegen\/\" \/>\n<meta property=\"og:locale\" content=\"en_US\" \/>\n<meta property=\"og:type\" content=\"article\" \/>\n<meta property=\"og:title\" content=\"Anmeldung von Tagungsbeitr\u00e4gen - World Education Leadership Symposium 2022\" \/>\n<meta property=\"og:description\" content=\"WELSmain 28.-30.9.2021 Die Frist f\u00fcr das Einreichen von Tagungsbeitr\u00e4gen f\u00fcr das WELSmain 2021 ist abgelaufen. Wir freuen uns sehr dar\u00fcber, dass erneut eine grosse Zahl qualitativ hochwertiger Beitr\u00e4ge bei uns eingegangen ist. Vielen Dank! Das Tagungsprogramm finden Sie auf folgender Seite: Programm WELSmain 2021. Bitte beachten Sie: Die Anmeldung eines Tagungsbeitrags gilt\u00a0nicht\u00a0als Anmeldung zum Symposium. [&hellip;]\" \/>\n<meta property=\"og:url\" content=\"https:\/\/wels.edulead.net\/en\/anmeldung-und-teilnahme\/anmeldung-von-tagungsbeitraegen\/\" \/>\n<meta property=\"og:site_name\" content=\"World Education Leadership Symposium 2022\" \/>\n<meta property=\"article:modified_time\" content=\"2021-09-27T15:11:59+00:00\" \/>\n<meta property=\"og:image\" content=\"https:\/\/wels.edulead.net\/wp-content\/uploads\/sites\/12\/2021\/04\/wels.jpg\" \/>\n\t<meta property=\"og:image:width\" content=\"1280\" \/>\n\t<meta property=\"og:image:height\" content=\"720\" \/>\n\t<meta property=\"og:image:type\" content=\"image\/jpeg\" \/>\n<meta name=\"twitter:card\" content=\"summary_large_image\" \/>\n<meta name=\"twitter:label1\" content=\"Est. reading time\" \/>\n\t<meta name=\"twitter:data1\" content=\"1 minute\" \/>\n<script type=\"application\/ld+json\" class=\"yoast-schema-graph\">{\"@context\":\"https:\/\/schema.org\",\"@graph\":[{\"@type\":\"WebPage\",\"@id\":\"https:\/\/wels.edulead.net\/en\/anmeldung-und-teilnahme\/anmeldung-von-tagungsbeitraegen\/\",\"url\":\"https:\/\/wels.edulead.net\/en\/anmeldung-und-teilnahme\/anmeldung-von-tagungsbeitraegen\/\",\"name\":\"Anmeldung von Tagungsbeitr\u00e4gen - World Education Leadership Symposium 2022\",\"isPartOf\":{\"@id\":\"https:\/\/wels.edulead.net\/en\/#website\"},\"primaryImageOfPage\":{\"@id\":\"https:\/\/wels.edulead.net\/en\/anmeldung-und-teilnahme\/anmeldung-von-tagungsbeitraegen\/#primaryimage\"},\"image\":{\"@id\":\"https:\/\/wels.edulead.net\/en\/anmeldung-und-teilnahme\/anmeldung-von-tagungsbeitraegen\/#primaryimage\"},\"thumbnailUrl\":\"https:\/\/wels.edulead.net\/wp-content\/uploads\/sites\/12\/2021\/04\/wels.jpg\",\"datePublished\":\"2021-04-08T15:59:12+00:00\",\"dateModified\":\"2021-09-27T15:11:59+00:00\",\"breadcrumb\":{\"@id\":\"https:\/\/wels.edulead.net\/en\/anmeldung-und-teilnahme\/anmeldung-von-tagungsbeitraegen\/#breadcrumb\"},\"inLanguage\":\"en-US\",\"potentialAction\":[{\"@type\":\"ReadAction\",\"target\":[\"https:\/\/wels.edulead.net\/en\/anmeldung-und-teilnahme\/anmeldung-von-tagungsbeitraegen\/\"]}]},{\"@type\":\"ImageObject\",\"inLanguage\":\"en-US\",\"@id\":\"https:\/\/wels.edulead.net\/en\/anmeldung-und-teilnahme\/anmeldung-von-tagungsbeitraegen\/#primaryimage\",\"url\":\"https:\/\/wels.edulead.net\/wp-content\/uploads\/sites\/12\/2021\/04\/wels.jpg\",\"contentUrl\":\"https:\/\/wels.edulead.net\/wp-content\/uploads\/sites\/12\/2021\/04\/wels.jpg\",\"width\":1280,\"height\":720},{\"@type\":\"BreadcrumbList\",\"@id\":\"https:\/\/wels.edulead.net\/en\/anmeldung-und-teilnahme\/anmeldung-von-tagungsbeitraegen\/#breadcrumb\",\"itemListElement\":[{\"@type\":\"ListItem\",\"position\":1,\"name\":\"WELS\",\"item\":\"https:\/\/wels.edulead.net\/en\/\"},{\"@type\":\"ListItem\",\"position\":2,\"name\":\"Anmeldung und Teilnahme\",\"item\":\"https:\/\/wels.edulead.net\/en\/anmeldung-und-teilnahme\/\"},{\"@type\":\"ListItem\",\"position\":3,\"name\":\"Anmeldung von Tagungsbeitr\u00e4gen\"}]},{\"@type\":\"WebSite\",\"@id\":\"https:\/\/wels.edulead.net\/en\/#website\",\"url\":\"https:\/\/wels.edulead.net\/en\/\",\"name\":\"World Education Leadership Symposium 2022\",\"description\":\"World Education Leadership Symposium\",\"publisher\":{\"@id\":\"https:\/\/wels.edulead.net\/en\/#organization\"},\"potentialAction\":[{\"@type\":\"SearchAction\",\"target\":{\"@type\":\"EntryPoint\",\"urlTemplate\":\"https:\/\/wels.edulead.net\/en\/?s={search_term_string}\"},\"query-input\":{\"@type\":\"PropertyValueSpecification\",\"valueRequired\":true,\"valueName\":\"search_term_string\"}}],\"inLanguage\":\"en-US\"},{\"@type\":\"Organization\",\"@id\":\"https:\/\/wels.edulead.net\/en\/#organization\",\"name\":\"World Education Leadership Symposium 2022\",\"url\":\"https:\/\/wels.edulead.net\/en\/\",\"logo\":{\"@type\":\"ImageObject\",\"inLanguage\":\"en-US\",\"@id\":\"https:\/\/wels.edulead.net\/en\/#\/schema\/logo\/image\/\",\"url\":\"https:\/\/wels.edulead.net\/wp-content\/uploads\/sites\/12\/2021\/03\/cropped-wels-logo-512-1.png\",\"contentUrl\":\"https:\/\/wels.edulead.net\/wp-content\/uploads\/sites\/12\/2021\/03\/cropped-wels-logo-512-1.png\",\"width\":1080,\"height\":1080,\"caption\":\"World Education Leadership Symposium 2022\"},\"image\":{\"@id\":\"https:\/\/wels.edulead.net\/en\/#\/schema\/logo\/image\/\"}}]}<\/script>\n<!-- \/ Yoast SEO plugin. -->","yoast_head_json":{"title":"Anmeldung von Tagungsbeitr\u00e4gen - World Education Leadership Symposium 2022","robots":{"index":"index","follow":"follow","max-snippet":"max-snippet:-1","max-image-preview":"max-image-preview:large","max-video-preview":"max-video-preview:-1"},"canonical":"https:\/\/wels.edulead.net\/en\/anmeldung-und-teilnahme\/anmeldung-von-tagungsbeitraegen\/","og_locale":"en_US","og_type":"article","og_title":"Anmeldung von Tagungsbeitr\u00e4gen - World Education Leadership Symposium 2022","og_description":"WELSmain 28.-30.9.2021 Die Frist f\u00fcr das Einreichen von Tagungsbeitr\u00e4gen f\u00fcr das WELSmain 2021 ist abgelaufen. Wir freuen uns sehr dar\u00fcber, dass erneut eine grosse Zahl qualitativ hochwertiger Beitr\u00e4ge bei uns eingegangen ist. Vielen Dank! Das Tagungsprogramm finden Sie auf folgender Seite: Programm WELSmain 2021. Bitte beachten Sie: Die Anmeldung eines Tagungsbeitrags gilt\u00a0nicht\u00a0als Anmeldung zum Symposium. [&hellip;]","og_url":"https:\/\/wels.edulead.net\/en\/anmeldung-und-teilnahme\/anmeldung-von-tagungsbeitraegen\/","og_site_name":"World Education Leadership Symposium 2022","article_modified_time":"2021-09-27T15:11:59+00:00","og_image":[{"width":1280,"height":720,"url":"https:\/\/wels.edulead.net\/wp-content\/uploads\/sites\/12\/2021\/04\/wels.jpg","type":"image\/jpeg"}],"twitter_card":"summary_large_image","twitter_misc":{"Est. reading time":"1 minute"},"schema":{"@context":"https:\/\/schema.org","@graph":[{"@type":"WebPage","@id":"https:\/\/wels.edulead.net\/en\/anmeldung-und-teilnahme\/anmeldung-von-tagungsbeitraegen\/","url":"https:\/\/wels.edulead.net\/en\/anmeldung-und-teilnahme\/anmeldung-von-tagungsbeitraegen\/","name":"Anmeldung von Tagungsbeitr\u00e4gen - World Education Leadership Symposium 2022","isPartOf":{"@id":"https:\/\/wels.edulead.net\/en\/#website"},"primaryImageOfPage":{"@id":"https:\/\/wels.edulead.net\/en\/anmeldung-und-teilnahme\/anmeldung-von-tagungsbeitraegen\/#primaryimage"},"image":{"@id":"https:\/\/wels.edulead.net\/en\/anmeldung-und-teilnahme\/anmeldung-von-tagungsbeitraegen\/#primaryimage"},"thumbnailUrl":"https:\/\/wels.edulead.net\/wp-content\/uploads\/sites\/12\/2021\/04\/wels.jpg","datePublished":"2021-04-08T15:59:12+00:00","dateModified":"2021-09-27T15:11:59+00:00","breadcrumb":{"@id":"https:\/\/wels.edulead.net\/en\/anmeldung-und-teilnahme\/anmeldung-von-tagungsbeitraegen\/#breadcrumb"},"inLanguage":"en-US","potentialAction":[{"@type":"ReadAction","target":["https:\/\/wels.edulead.net\/en\/anmeldung-und-teilnahme\/anmeldung-von-tagungsbeitraegen\/"]}]},{"@type":"ImageObject","inLanguage":"en-US","@id":"https:\/\/wels.edulead.net\/en\/anmeldung-und-teilnahme\/anmeldung-von-tagungsbeitraegen\/#primaryimage","url":"https:\/\/wels.edulead.net\/wp-content\/uploads\/sites\/12\/2021\/04\/wels.jpg","contentUrl":"https:\/\/wels.edulead.net\/wp-content\/uploads\/sites\/12\/2021\/04\/wels.jpg","width":1280,"height":720},{"@type":"BreadcrumbList","@id":"https:\/\/wels.edulead.net\/en\/anmeldung-und-teilnahme\/anmeldung-von-tagungsbeitraegen\/#breadcrumb","itemListElement":[{"@type":"ListItem","position":1,"name":"WELS","item":"https:\/\/wels.edulead.net\/en\/"},{"@type":"ListItem","position":2,"name":"Anmeldung und Teilnahme","item":"https:\/\/wels.edulead.net\/en\/anmeldung-und-teilnahme\/"},{"@type":"ListItem","position":3,"name":"Anmeldung von Tagungsbeitr\u00e4gen"}]},{"@type":"WebSite","@id":"https:\/\/wels.edulead.net\/en\/#website","url":"https:\/\/wels.edulead.net\/en\/","name":"World Education Leadership Symposium 2022","description":"World Education Leadership Symposium","publisher":{"@id":"https:\/\/wels.edulead.net\/en\/#organization"},"potentialAction":[{"@type":"SearchAction","target":{"@type":"EntryPoint","urlTemplate":"https:\/\/wels.edulead.net\/en\/?s={search_term_string}"},"query-input":{"@type":"PropertyValueSpecification","valueRequired":true,"valueName":"search_term_string"}}],"inLanguage":"en-US"},{"@type":"Organization","@id":"https:\/\/wels.edulead.net\/en\/#organization","name":"World Education Leadership Symposium 2022","url":"https:\/\/wels.edulead.net\/en\/","logo":{"@type":"ImageObject","inLanguage":"en-US","@id":"https:\/\/wels.edulead.net\/en\/#\/schema\/logo\/image\/","url":"https:\/\/wels.edulead.net\/wp-content\/uploads\/sites\/12\/2021\/03\/cropped-wels-logo-512-1.png","contentUrl":"https:\/\/wels.edulead.net\/wp-content\/uploads\/sites\/12\/2021\/03\/cropped-wels-logo-512-1.png","width":1080,"height":1080,"caption":"World Education Leadership Symposium 2022"},"image":{"@id":"https:\/\/wels.edulead.net\/en\/#\/schema\/logo\/image\/"}}]}},"_links":{"self":[{"href":"https:\/\/wels.edulead.net\/en\/wp-json\/wp\/v2\/pages\/1949","targetHints":{"allow":["GET"]}}],"collection":[{"href":"https:\/\/wels.edulead.net\/en\/wp-json\/wp\/v2\/pages"}],"about":[{"href":"https:\/\/wels.edulead.net\/en\/wp-json\/wp\/v2\/types\/page"}],"author":[{"embeddable":true,"href":"https:\/\/wels.edulead.net\/en\/wp-json\/wp\/v2\/users\/1"}],"replies":[{"embeddable":true,"href":"https:\/\/wels.edulead.net\/en\/wp-json\/wp\/v2\/comments?post=1949"}],"version-history":[{"count":5,"href":"https:\/\/wels.edulead.net\/en\/wp-json\/wp\/v2\/pages\/1949\/revisions"}],"predecessor-version":[{"id":2502,"href":"https:\/\/wels.edulead.net\/en\/wp-json\/wp\/v2\/pages\/1949\/revisions\/2502"}],"up":[{"embeddable":true,"href":"https:\/\/wels.edulead.net\/en\/wp-json\/wp\/v2\/pages\/1951"}],"wp:featuredmedia":[{"embeddable":true,"href":"https:\/\/wels.edulead.net\/en\/wp-json\/wp\/v2\/media\/1950"}],"wp:attachment":[{"href":"https:\/\/wels.edulead.net\/en\/wp-json\/wp\/v2\/media?parent=1949"}],"curies":[{"name":"wp","href":"https:\/\/api.w.org\/{rel}","templated":true}]}}