{"id":8389,"date":"2024-06-24T15:33:57","date_gmt":"2024-06-24T13:33:57","guid":{"rendered":"https:\/\/wels.edulead.net\/welsfocus-inclusion-2024\/"},"modified":"2024-09-03T20:52:03","modified_gmt":"2024-09-03T18:52:03","slug":"welsfocus-inclusion-2024","status":"publish","type":"page","link":"https:\/\/wels.edulead.net\/en\/welsfocus-inclusion-2024\/","title":{"rendered":"WELSfocus Inclusion 2024"},"content":{"rendered":"\t\t<div data-elementor-type=\"wp-page\" data-elementor-id=\"8389\" data-post-id=\"8389\" data-obj-id=\"8389\" class=\"elementor elementor-8389 dce-elementor-post-8389 elementor-8356\" data-elementor-post-type=\"page\">\n\t\t\t\t\t\t<section class=\"elementor-section elementor-top-section elementor-element elementor-element-704b48e7 elementor-section-boxed elementor-section-height-default elementor-section-height-default\" data-id=\"704b48e7\" data-element_type=\"section\" data-e-type=\"section\">\n\t\t\t\t\t\t<div class=\"elementor-container elementor-column-gap-default\">\n\t\t\t\t\t<div class=\"elementor-column elementor-col-100 elementor-top-column elementor-element elementor-element-4d6911f7\" data-id=\"4d6911f7\" data-element_type=\"column\" data-e-type=\"column\">\n\t\t\t<div class=\"elementor-widget-wrap elementor-element-populated\">\n\t\t\t\t\t\t<div class=\"elementor-element elementor-element-22977665 elementor-widget elementor-widget-text-editor\" data-id=\"22977665\" data-element_type=\"widget\" data-e-type=\"widget\" data-widget_type=\"text-editor.default\">\n\t\t\t\t<div class=\"elementor-widget-container\">\n\t\t\t\t\t\t\t\t\t<p><strong>Das Programm wird fortlaufend aktualisiert. \/ The program is continuously updated.<\/strong><\/p><h3><strong><a href=\"https:\/\/wels.edulead.net\/wp-content\/uploads\/sites\/12\/2024\/09\/WELSfocus2024-Inclusion-Abstracts-24-09-04.pdf\" target=\"_blank\" rel=\"noopener\">Download Abstracts<\/a>\u00a0<\/strong><\/h3><p>\n<table id=\"tablepress-33\" class=\"tablepress tablepress-id-33 tablepress-responsive tbody-has-connected-cells\">\n<tbody class=\"row-striping row-hover\">\n<tr class=\"row-1\">\n\t<td colspan=\"2\" class=\"column-1\"><strong>DEUTSCHSPRACHIG\/GERMAN-SPEAKING<\/strong><\/td>\n<\/tr>\n<tr class=\"row-2\">\n\t<td colspan=\"2\" class=\"column-1\"><strong>Plenumsprogramm<\/strong><\/td>\n<\/tr>\n<tr class=\"row-3\">\n\t<td class=\"column-1\">14.45-15.00<\/td><td class=\"column-2\"><strong>Begr\u00fc\u00dfung<\/strong><br \/>\n<br \/>\nProf. Dr. Stephan Gerhard Huber, Johannes Kepler Universit\u00e4t Linz, \u00d6sterreich<\/td>\n<\/tr>\n<tr class=\"row-4\">\n\t<td class=\"column-1\">15.00-15.45<\/td><td class=\"column-2\"><strong>Plenumsdiskussion zu Inklusion in Wissenschaft, Politik und Praxis: Perspektiven aus Deutschland, \u00d6sterreich und der Schweiz<\/strong><br \/>\n<br \/>\nProf.in Dr. Kerstin Merz-Atalik, P\u00e4dagogische Hochschule Ludwigsburg, Deutschland<br \/>\n<br \/>\nProf.in Dr. Bettina Amrhein, Universit\u00e4t Duisburg-Essen, Deutschland<br \/>\n<br \/>\nProf.in Dr. Barbara Gasteiger-Klicpera, Universit\u00e4t Graz, \u00d6sterreich<br \/>\n<br \/>\nGeorg K\u00f6nig, Schulleiter, Vereinigung p\u00e4dagogischer F\u00fchrungskr\u00e4fte \u00d6sterreich (VPFA)<br \/>\n<br \/>\nProf.in Dr. Monika Wicki, Interkantonale Hochschule f\u00fcr Heilp\u00e4dagogik, Schweiz<br \/>\n<br \/>\nDorothee Miyoshi, Heilp\u00e4dagogin, Dachverband Lehrerinnen und Lehrer Schweiz (LCH)<br \/>\n<br \/>\nModeration: Prof. Dr. Stephan Huber, Johannes Kepler Universit\u00e4t Linz, \u00d6sterreich<\/td>\n<\/tr>\n<tr class=\"row-5\">\n\t<td colspan=\"2\" class=\"column-1\"><strong>Parallelprogramm<\/strong><\/td>\n<\/tr>\n<tr class=\"row-6\">\n\t<td class=\"column-1\">15.45-16.30<\/td><td class=\"column-2\"><strong>Parallele Roundtables<\/strong><\/td>\n<\/tr>\n<tr class=\"row-7\">\n\t<td class=\"column-1\"><\/td><td class=\"column-2\"><strong>D1: Aus der Praxis<\/strong><br \/>\n<br \/>\nWilfried Steinert, Inklusionscoaching, Deutschland: Von der Schulbegleitung zur Klassenassistenz<br \/>\n<br \/>\nMadita H\u00e4nsch, Bildungssystemdesign, Deutschland: Inklusives Lernraumdesign ist eine Frage der Haltung!?<\/td>\n<\/tr>\n<tr class=\"row-8\">\n\t<td class=\"column-1\"><\/td><td class=\"column-2\"><strong>D2: Aus der Forschung I<\/strong><br \/>\n<br \/>\nProf.in Dr. Bettina Amrhein, Universit\u00e4t Duisburg-Essen, Deutschland: Transferprojekt im Kontext inklusiver Bildung<br \/>\n<br \/>\nProf.in Dr. Ruth Mateus-Berr, Universit\u00e4t f\u00fcr angewandte Kunst Wien, \u00d6sterreich: Co-Ability in Kunst und Design &#8211; Beispiele aus der Lehrerausbildung im k\u00fcnstlerischen Lehramt<br \/>\n<br \/>\nPD Dr.in Anke Redecker, Universit\u00e4t Bonn, Deutschland: Andersheit anerkennen \u2013 Irritation zulassen. Inklusive Bildung in transformatorischen Lernprozessen.<\/td>\n<\/tr>\n<tr class=\"row-9\">\n\t<td class=\"column-1\"><\/td><td class=\"column-2\"><strong>D3: Aus der Forschung II<\/strong><br \/>\n<br \/>\nProf.in Dr. Kerstin Merz-Atalik, P\u00e4dagogische Hochschule Ludwigsburg, Katja Beck, Universit\u00e4t Frankfurt, Nicole Kr\u00e4mer und Martin Sch\u00fcler, Schulamt T\u00fcbingen, Deutschland: Analyse von Dimensionen einer Governance f\u00fcr Inklusive Bildung: Erkenntnisse aus dem Vergleich von vier europ\u00e4ischen Schulverwaltungsregionen<br \/>\n<br \/>\nProf.in Dr. Barbara Gasteiger-Klicpera und Lisa Paleczek, Universit\u00e4t Graz, \u00d6sterreich: Vergabe des sonderp\u00e4dagogischen F\u00f6rderbedarfs und Inklusionspraktiken in \u00d6sterreich<br \/>\n<br \/>\nProf.in Dr. Monika Wicki, Interkantonale Hochschule f\u00fcr Heilp\u00e4dagogik, Schweiz: Der Einsatz von Ressourcen f\u00fcr heil- und sonderp\u00e4dagogische Angebote in inklusiven Schulen<\/td>\n<\/tr>\n<tr class=\"row-10\">\n\t<td class=\"column-1\"><\/td><td class=\"column-2\"><strong>D4: Aus der Forschung III<\/strong><br \/>\n<br \/>\nDr. Mario Steiner, Institut f\u00fcr H\u00f6here Studien, \u00d6sterreich: Unterschiede bei der Integration von Kindern mit sonderp\u00e4dagogischem F\u00f6rderbedarf im \u00f6sterreichischen Bildungssystem &#8211; Erkenntnisse auf Basis von Administrativdaten<br \/>\n<br \/>\nDr. Isabella Lussi, P\u00e4dagogische Hochschule Schwyz, Schweiz, Julia Schaub, P\u00e4dagogische Hochschule Schwyz, Schweiz, und Prof. Dr. Stephan Huber, Johannes Kepler Universit\u00e4t Linz, \u00d6sterreich: Integrative Schule in der Deutschschweiz \u2013 eine Analyse kantonaler Massnahmen aus der Perspektive der Schulentwicklungsforschung<br \/>\n<br \/>\nSara Lustenberger und Kathrin Brandenberg, P\u00e4dagogische Hochschule Bern, Schweiz: Langfristige Bildungsverl\u00e4ufe von Regelsch\u00fcler:innen mit integrativen schulischen Massnahmen<\/td>\n<\/tr>\n<tr class=\"row-11\">\n\t<td class=\"column-1\">16.30-16.45<\/td><td class=\"column-2\"><strong>Pause mit virtuellem Ap\u00e9ro \u2013 break and come together<\/strong><\/td>\n<\/tr>\n<tr class=\"row-12\">\n\t<td colspan=\"2\" class=\"column-1\"><strong>ENGLISH-SPEAKING \/ ENGLISCHSPRACHIG<\/strong><\/td>\n<\/tr>\n<tr class=\"row-13\">\n\t<td colspan=\"2\" class=\"column-1\"><strong>Plenary Program<\/strong><\/td>\n<\/tr>\n<tr class=\"row-14\">\n\t<td class=\"column-1\">16.45-16.50<\/td><td class=\"column-2\"><strong>Welcome<\/strong><br \/>\n<br \/>\nProf. Dr. Stephan Gerhard Huber, Johannes Kepler University of Linz, Austria<\/td>\n<\/tr>\n<tr class=\"row-15\">\n\t<td class=\"column-1\">16.50-17.15<\/td><td class=\"column-2\"><strong>Plenary Discussion: Inclusion around the World \u2013 International Perspectives<\/strong><br \/>\n<br \/>\nProf. Dr. Ignacio Calder\u00f3n Almendros, Universidad de M\u00e1laga, Spain<br \/>\n<br \/>\nProf. Dr. Lu\u00eds Tinoca, University of Lisbon, Portugal<br \/>\n<br \/>\nProf. Dr. Ines Alves, University of Glasgow, UK<br \/>\n<br \/>\nCarolina Dahle, University of South-Eastern Norway<br \/>\n<br \/>\nModeration: Prof. Stephan Gerhard Huber, Johannes Kepler University of Linz, Austria<\/td>\n<\/tr>\n<tr class=\"row-16\">\n\t<td colspan=\"2\" class=\"column-1\"><strong>Parallel Program<\/strong><\/td>\n<\/tr>\n<tr class=\"row-17\">\n\t<td class=\"column-1\">17.15-18.00<\/td><td class=\"column-2\"><strong>Parallel Roundtables<\/strong><\/td>\n<\/tr>\n<tr class=\"row-18\">\n\t<td class=\"column-1\"><\/td><td class=\"column-2\"><strong>E1: Education Policy &amp; Narratives<\/strong><br \/>\n<br \/>\nProf. Dr. Ines Alves, University of Glasgow, UK: Moving towards Inclusive Educational Policies in Portugal<br \/>\n<br \/>\nJulia Schaub, Schwyz University of Teacher Education, Switzerland, Dr. Isabella Lussi, Schwyz University of Teacher Education, Switzerland, and Prof. Dr. Stephan Gerhard Huber, Johannes Kepler University of Linz, Austria: Integration or Inclusion? An Analysis of Strategies Employed by German-Speaking Swiss Cantons to Comply with the UN Convention on the Rights of Persons with Disabilities (CRPD)<br \/>\n<br \/>\nProf. Dr. Ignacio Calder\u00f3n Almendros, Universidad de M\u00e1laga, Spain, &amp; Prof. Dr. Mel Ainscow, University of Manchester, UK: Narratives of Narratives of Communities on the Challenges of inclusive Education in Latin America<\/td>\n<\/tr>\n<tr class=\"row-19\">\n\t<td class=\"column-1\"><\/td><td class=\"column-2\"><strong>E2: Educational Leadership<\/strong><br \/>\n<br \/>\nCarolina Dahle, University of South-Eastern Norway: School Leadership Autonomy through the Lens of Inclusive Education \u2013 a Cross-Country Comparison<br \/>\n<br \/>\nProf. Dr. Sigr\u00ed\u00f0ur Margr\u00e9t Sigur\u00f0ard\u00f3ttir, University of Akureyri, Iceland: Towards Inclusive Education: Navigating Decentralization in Iceland<br \/>\n<br \/>\nDr. Allison McCartan, University of Southern Queensland, Australia: Leading cultural change towards inclusion in an Australian secondary school<\/td>\n<\/tr>\n<tr class=\"row-20\">\n\t<td class=\"column-1\"><\/td><td class=\"column-2\"><strong>E3: Educational Practice<\/strong><br \/>\n<br \/>\nProf. Dr. Lu\u00eds Tinoca, University of Lisbon, Portugal: Democratizing Education: Harnessing Student Voices for Inclusive and Innovative Learning<br \/>\n<br \/>\nProf. Dr. Hatice Zeynep Sahin, Texas A&amp;M University San Antonio, US, Prof. Dr. Melissa Jozwiak, Texas A&amp;M University San Antonio, US, Yavuz Selim Inan, Reagan High School San Antonio, US, and Prof. Dr. Seda Sarac, Bah\u00e7e\u015fehir University Istanbul, Turkey: Effects of Educational Quality and Child Development in Pre-K\/Head Start Programs<br \/>\n<br \/>\nProf. Dr. Robert Baar, University of Bremen, Germany: Cooperation between traditional teachers and lateral entrants to the teaching profession in inclusive settings<\/td>\n<\/tr>\n<tr class=\"row-21\">\n\t<td colspan=\"2\" class=\"column-1\"><strong>Plenary Program<\/strong><\/td>\n<\/tr>\n<tr class=\"row-22\">\n\t<td class=\"column-1\">18.00-18.10<\/td><td class=\"column-2\"><strong>Conclusion<\/strong><br \/>\n<br \/>\nProf. Dr. Stephan Gerhard Huber, Johannes Kepler University of Linz, Austria<\/td>\n<\/tr>\n<tr class=\"row-23\">\n\t<td class=\"column-1\">18.10<\/td><td class=\"column-2\"><strong>Come together: Meeting colleagues and friends<\/strong><\/td>\n<\/tr>\n<\/tbody>\n<\/table>\n<!-- #tablepress-33 from cache --><\/p>\t\t\t\t\t\t\t\t<\/div>\n\t\t\t\t<\/div>\n\t\t\t\t\t<\/div>\n\t\t<\/div>\n\t\t\t\t\t<\/div>\n\t\t<\/section>\n\t\t\t\t<\/div>\n\t\t","protected":false},"excerpt":{"rendered":"<p>Das Programm wird fortlaufend aktualisiert. \/ The program is continuously updated. Download Abstracts\u00a0<\/p>\n","protected":false},"author":3,"featured_media":0,"parent":0,"menu_order":0,"comment_status":"closed","ping_status":"closed","template":"","meta":{"footnotes":""},"class_list":["post-8389","page","type-page","status-publish","hentry"],"yoast_head":"<!-- This site is optimized with the Yoast SEO plugin v27.1.1 - https:\/\/yoast.com\/product\/yoast-seo-wordpress\/ -->\n<title>WELSfocus Inclusion 2024 - World Education Leadership Symposium 2022<\/title>\n<meta name=\"robots\" content=\"index, follow, max-snippet:-1, max-image-preview:large, max-video-preview:-1\" \/>\n<link rel=\"canonical\" href=\"https:\/\/wels.edulead.net\/en\/welsfocus-inclusion-2024\/\" \/>\n<meta property=\"og:locale\" content=\"en_US\" \/>\n<meta property=\"og:type\" content=\"article\" \/>\n<meta property=\"og:title\" content=\"WELSfocus Inclusion 2024 - World Education Leadership Symposium 2022\" \/>\n<meta property=\"og:description\" content=\"Das Programm wird fortlaufend aktualisiert. \/ The program is continuously updated. Download Abstracts\u00a0\" \/>\n<meta property=\"og:url\" content=\"https:\/\/wels.edulead.net\/en\/welsfocus-inclusion-2024\/\" \/>\n<meta property=\"og:site_name\" content=\"World Education Leadership Symposium 2022\" \/>\n<meta property=\"article:modified_time\" content=\"2024-09-03T18:52:03+00:00\" \/>\n<meta name=\"twitter:card\" content=\"summary_large_image\" \/>\n<meta name=\"twitter:label1\" content=\"Est. reading time\" \/>\n\t<meta name=\"twitter:data1\" content=\"1 minute\" \/>\n<script type=\"application\/ld+json\" class=\"yoast-schema-graph\">{\"@context\":\"https:\/\/schema.org\",\"@graph\":[{\"@type\":\"WebPage\",\"@id\":\"https:\/\/wels.edulead.net\/en\/welsfocus-inclusion-2024\/\",\"url\":\"https:\/\/wels.edulead.net\/en\/welsfocus-inclusion-2024\/\",\"name\":\"WELSfocus Inclusion 2024 - World Education Leadership Symposium 2022\",\"isPartOf\":{\"@id\":\"https:\/\/wels.edulead.net\/en\/#website\"},\"datePublished\":\"2024-06-24T13:33:57+00:00\",\"dateModified\":\"2024-09-03T18:52:03+00:00\",\"breadcrumb\":{\"@id\":\"https:\/\/wels.edulead.net\/en\/welsfocus-inclusion-2024\/#breadcrumb\"},\"inLanguage\":\"en-US\",\"potentialAction\":[{\"@type\":\"ReadAction\",\"target\":[\"https:\/\/wels.edulead.net\/en\/welsfocus-inclusion-2024\/\"]}]},{\"@type\":\"BreadcrumbList\",\"@id\":\"https:\/\/wels.edulead.net\/en\/welsfocus-inclusion-2024\/#breadcrumb\",\"itemListElement\":[{\"@type\":\"ListItem\",\"position\":1,\"name\":\"WELS\",\"item\":\"https:\/\/wels.edulead.net\/en\/\"},{\"@type\":\"ListItem\",\"position\":2,\"name\":\"WELSfocus Inclusion 2024\"}]},{\"@type\":\"WebSite\",\"@id\":\"https:\/\/wels.edulead.net\/en\/#website\",\"url\":\"https:\/\/wels.edulead.net\/en\/\",\"name\":\"World Education Leadership Symposium 2022\",\"description\":\"World Education Leadership Symposium\",\"publisher\":{\"@id\":\"https:\/\/wels.edulead.net\/en\/#organization\"},\"potentialAction\":[{\"@type\":\"SearchAction\",\"target\":{\"@type\":\"EntryPoint\",\"urlTemplate\":\"https:\/\/wels.edulead.net\/en\/?s={search_term_string}\"},\"query-input\":{\"@type\":\"PropertyValueSpecification\",\"valueRequired\":true,\"valueName\":\"search_term_string\"}}],\"inLanguage\":\"en-US\"},{\"@type\":\"Organization\",\"@id\":\"https:\/\/wels.edulead.net\/en\/#organization\",\"name\":\"World Education Leadership Symposium 2022\",\"url\":\"https:\/\/wels.edulead.net\/en\/\",\"logo\":{\"@type\":\"ImageObject\",\"inLanguage\":\"en-US\",\"@id\":\"https:\/\/wels.edulead.net\/en\/#\/schema\/logo\/image\/\",\"url\":\"https:\/\/wels.edulead.net\/wp-content\/uploads\/sites\/12\/2021\/03\/cropped-wels-logo-512-1.png\",\"contentUrl\":\"https:\/\/wels.edulead.net\/wp-content\/uploads\/sites\/12\/2021\/03\/cropped-wels-logo-512-1.png\",\"width\":1080,\"height\":1080,\"caption\":\"World Education Leadership Symposium 2022\"},\"image\":{\"@id\":\"https:\/\/wels.edulead.net\/en\/#\/schema\/logo\/image\/\"}}]}<\/script>\n<!-- \/ Yoast SEO plugin. -->","yoast_head_json":{"title":"WELSfocus Inclusion 2024 - World Education Leadership Symposium 2022","robots":{"index":"index","follow":"follow","max-snippet":"max-snippet:-1","max-image-preview":"max-image-preview:large","max-video-preview":"max-video-preview:-1"},"canonical":"https:\/\/wels.edulead.net\/en\/welsfocus-inclusion-2024\/","og_locale":"en_US","og_type":"article","og_title":"WELSfocus Inclusion 2024 - World Education Leadership Symposium 2022","og_description":"Das Programm wird fortlaufend aktualisiert. \/ The program is continuously updated. Download Abstracts\u00a0","og_url":"https:\/\/wels.edulead.net\/en\/welsfocus-inclusion-2024\/","og_site_name":"World Education Leadership Symposium 2022","article_modified_time":"2024-09-03T18:52:03+00:00","twitter_card":"summary_large_image","twitter_misc":{"Est. reading time":"1 minute"},"schema":{"@context":"https:\/\/schema.org","@graph":[{"@type":"WebPage","@id":"https:\/\/wels.edulead.net\/en\/welsfocus-inclusion-2024\/","url":"https:\/\/wels.edulead.net\/en\/welsfocus-inclusion-2024\/","name":"WELSfocus Inclusion 2024 - World Education Leadership Symposium 2022","isPartOf":{"@id":"https:\/\/wels.edulead.net\/en\/#website"},"datePublished":"2024-06-24T13:33:57+00:00","dateModified":"2024-09-03T18:52:03+00:00","breadcrumb":{"@id":"https:\/\/wels.edulead.net\/en\/welsfocus-inclusion-2024\/#breadcrumb"},"inLanguage":"en-US","potentialAction":[{"@type":"ReadAction","target":["https:\/\/wels.edulead.net\/en\/welsfocus-inclusion-2024\/"]}]},{"@type":"BreadcrumbList","@id":"https:\/\/wels.edulead.net\/en\/welsfocus-inclusion-2024\/#breadcrumb","itemListElement":[{"@type":"ListItem","position":1,"name":"WELS","item":"https:\/\/wels.edulead.net\/en\/"},{"@type":"ListItem","position":2,"name":"WELSfocus Inclusion 2024"}]},{"@type":"WebSite","@id":"https:\/\/wels.edulead.net\/en\/#website","url":"https:\/\/wels.edulead.net\/en\/","name":"World Education Leadership Symposium 2022","description":"World Education Leadership Symposium","publisher":{"@id":"https:\/\/wels.edulead.net\/en\/#organization"},"potentialAction":[{"@type":"SearchAction","target":{"@type":"EntryPoint","urlTemplate":"https:\/\/wels.edulead.net\/en\/?s={search_term_string}"},"query-input":{"@type":"PropertyValueSpecification","valueRequired":true,"valueName":"search_term_string"}}],"inLanguage":"en-US"},{"@type":"Organization","@id":"https:\/\/wels.edulead.net\/en\/#organization","name":"World Education Leadership Symposium 2022","url":"https:\/\/wels.edulead.net\/en\/","logo":{"@type":"ImageObject","inLanguage":"en-US","@id":"https:\/\/wels.edulead.net\/en\/#\/schema\/logo\/image\/","url":"https:\/\/wels.edulead.net\/wp-content\/uploads\/sites\/12\/2021\/03\/cropped-wels-logo-512-1.png","contentUrl":"https:\/\/wels.edulead.net\/wp-content\/uploads\/sites\/12\/2021\/03\/cropped-wels-logo-512-1.png","width":1080,"height":1080,"caption":"World Education Leadership Symposium 2022"},"image":{"@id":"https:\/\/wels.edulead.net\/en\/#\/schema\/logo\/image\/"}}]}},"_links":{"self":[{"href":"https:\/\/wels.edulead.net\/en\/wp-json\/wp\/v2\/pages\/8389","targetHints":{"allow":["GET"]}}],"collection":[{"href":"https:\/\/wels.edulead.net\/en\/wp-json\/wp\/v2\/pages"}],"about":[{"href":"https:\/\/wels.edulead.net\/en\/wp-json\/wp\/v2\/types\/page"}],"author":[{"embeddable":true,"href":"https:\/\/wels.edulead.net\/en\/wp-json\/wp\/v2\/users\/3"}],"replies":[{"embeddable":true,"href":"https:\/\/wels.edulead.net\/en\/wp-json\/wp\/v2\/comments?post=8389"}],"version-history":[{"count":18,"href":"https:\/\/wels.edulead.net\/en\/wp-json\/wp\/v2\/pages\/8389\/revisions"}],"predecessor-version":[{"id":8564,"href":"https:\/\/wels.edulead.net\/en\/wp-json\/wp\/v2\/pages\/8389\/revisions\/8564"}],"wp:attachment":[{"href":"https:\/\/wels.edulead.net\/en\/wp-json\/wp\/v2\/media?parent=8389"}],"curies":[{"name":"wp","href":"https:\/\/api.w.org\/{rel}","templated":true}]}}